{"id":24367,"date":"2025-09-11T08:14:53","date_gmt":"2025-09-11T08:14:53","guid":{"rendered":"https:\/\/restaurantnoguera.testdcip.com\/conditions-generales-de-reservation\/"},"modified":"2025-10-24T11:58:02","modified_gmt":"2025-10-24T11:58:02","slug":"conditions-generales-de-reservation","status":"publish","type":"page","link":"https:\/\/restaurantnoguera.com\/fr\/conditions-generales-de-reservation\/","title":{"rendered":"CONDITIONS G\u00c9N\u00c9RALES DE R\u00c9SERVATION"},"content":{"rendered":"","protected":false},"excerpt":{"rendered":"","protected":false},"author":1,"featured_media":0,"parent":0,"menu_order":0,"comment_status":"closed","ping_status":"closed","template":"","meta":{"footnotes":""},"class_list":["post-24367","page","type-page","status-publish","hentry"],"_links":{"self":[{"href":"https:\/\/restaurantnoguera.com\/fr\/wp-json\/wp\/v2\/pages\/24367","targetHints":{"allow":["GET"]}}],"collection":[{"href":"https:\/\/restaurantnoguera.com\/fr\/wp-json\/wp\/v2\/pages"}],"about":[{"href":"https:\/\/restaurantnoguera.com\/fr\/wp-json\/wp\/v2\/types\/page"}],"author":[{"embeddable":true,"href":"https:\/\/restaurantnoguera.com\/fr\/wp-json\/wp\/v2\/users\/1"}],"replies":[{"embeddable":true,"href":"https:\/\/restaurantnoguera.com\/fr\/wp-json\/wp\/v2\/comments?post=24367"}],"version-history":[{"count":1,"href":"https:\/\/restaurantnoguera.com\/fr\/wp-json\/wp\/v2\/pages\/24367\/revisions"}],"predecessor-version":[{"id":24368,"href":"https:\/\/restaurantnoguera.com\/fr\/wp-json\/wp\/v2\/pages\/24367\/revisions\/24368"}],"wp:attachment":[{"href":"https:\/\/restaurantnoguera.com\/fr\/wp-json\/wp\/v2\/media?parent=24367"}],"curies":[{"name":"wp","href":"https:\/\/api.w.org\/{rel}","templated":true}]}}